{"id":45,"date":"2017-11-09T14:46:01","date_gmt":"2017-11-09T13:46:01","guid":{"rendered":"http:\/\/www.cuverville.fr\/?page_id=45"},"modified":"2019-04-10T16:30:26","modified_gmt":"2019-04-10T14:30:26","slug":"historique","status":"publish","type":"page","link":"https:\/\/www.cuverville.fr\/index.php\/presentation-de-la-commune\/historique\/","title":{"rendered":"HISTORIQUE"},"content":{"rendered":"<div   data-size='featured_large'  data-lightbox_size='large'  data-animation='fade'  data-conditional_play=''  data-ids='1194'  data-video_counter='0'  data-autoplay='true'  data-bg_slider='false'  data-slide_height=''  data-handle='av_slideshow'  data-interval='5'  data-class=' avia-builder-el-0  el_before_av_one_full  avia-builder-el-first  '  data-el_id=''  data-css_id=''  data-scroll_down=''  data-control_layout='av-control-hidden'  data-custom_markup=''  data-perma_caption=''  data-autoplay_stopper=''  data-image_attachment=''  data-min_height='0px'  data-lazy_loading='disabled'  data-default-height='42'  class='avia-slideshow avia-slideshow-1  av-control-hidden av-default-height-applied avia-slideshow-featured_large av_slideshow  avia-builder-el-0  el_before_av_one_full  avia-builder-el-first   avia-fade-slider '  itemprop=\"image\" itemscope=\"itemscope\" itemtype=\"https:\/\/schema.org\/ImageObject\" ><ul class='avia-slideshow-inner ' style='padding-bottom: 42%;' ><li  class=' av-single-slide slide-1 ' ><div data-rel='slideshow-1' class='avia-slide-wrap '   ><img decoding=\"async\" class=\"wp-image-1194 avia-img-lazy-loading-not-1194\"  src=\"https:\/\/www.cuverville.fr\/wp-content\/uploads\/historique-1500x630.jpg\" width=\"1500\" height=\"630\" title='historique' alt=''  itemprop=\"thumbnailUrl\"   \/><\/div><\/li><\/ul><\/div>\n<div class=\"flex_column av_one_full  av-animated-generic bottom-to-top  flex_column_div av-zero-column-padding first  avia-builder-el-1  el_after_av_slideshow  el_before_av_one_full  \" style='margin-top:0px; margin-bottom:0px; border-radius:0px; '><p><div  style='padding-bottom:0px; ' class='av-special-heading av-special-heading-h2  blockquote modern-quote  avia-builder-el-2  el_before_av_hr  avia-builder-el-first  '><h2 class='av-special-heading-tag '  itemprop=\"headline\"  >HISTORIQUE DE LA COMMUNE DE CUVERVILLE<\/h2><div class='special-heading-border'><div class='special-heading-inner-border' ><\/div><\/div><\/div><br \/>\n<div  style=' margin-top:10px; margin-bottom:10px;'  class='hr hr-custom hr-left hr-icon-no   avia-builder-el-3  el_after_av_heading  avia-builder-el-last '><span class='hr-inner  inner-border-av-border-fat' style=' width:50px; border-color:#efbb20;' ><span class='hr-inner-style'><\/span><\/span><\/div><\/p><\/div>\n<div class=\"flex_column av_one_full  av-animated-generic bottom-to-top  flex_column_div av-zero-column-padding first  avia-builder-el-4  el_after_av_one_full  el_before_av_one_half  column-top-margin\" style='border-radius:0px; '><div  class=\"togglecontainer    avia-builder-el-5  avia-builder-el-no-sibling \" >\n<section class=\"av_toggle_section\"  itemscope=\"itemscope\" itemtype=\"https:\/\/schema.org\/CreativeWork\"  >    <div role=\"tablist\" class=\"single_toggle\" data-tags=\"{Tout} \"  >        <p data-fake-id=\"#toggle-id-1\" class=\"toggler activeTitle\"  itemprop=\"headline\"    role=\"tab\" tabindex=\"0\" aria-controls=\"toggle-id-1\">TYPONIMIE<span class=\"toggle_icon\" >        <span class=\"vert_icon\"><\/span><span class=\"hor_icon\"><\/span><\/span><\/p>        <div id=\"toggle-id-1\" class=\"toggle_wrap active_tc\"  style='display:block;'>            <div class=\"toggle_content invers-color \"  itemprop=\"text\"   ><p><span style=\"color: #000000;\">Le nom de la localit\u00e9 est attest\u00e9 sous la forme\u00a0<i>Culvert villa<\/i>\u00a0en\u00a01066<sup id=\"cite_ref-7\" class=\"reference\"><\/sup>,\u00a0<i>Cuvervilla<\/i>\u00a0en 1128,\u00a0<i>Culvervilla<\/i>\u00a0en 1198.<\/span><\/p>\n<p><span style=\"color: #000000;\">Il s&rsquo;agit d&rsquo;un type toponymique m\u00e9di\u00e9val en\u00a0<i>-ville<\/i>\u00a0au sens ancien de \u00ab\u00a0domaine rural\u00a0\u00bb, le premier \u00e9l\u00e9ment est un anthroponyme selon le cas g\u00e9n\u00e9ral pour ce type de formation toponymique.<\/span><\/p>\n<p><span style=\"color: #000000;\">Fran\u00e7ois de Beaurepaire et \u00e0 sa suite<\/span>\u00a0<a title=\"Ren\u00e9 Lepelley\" href=\"https:\/\/fr.wikipedia.org\/wiki\/Ren%C3%A9_Lepelley\" target=\"_blank\" rel=\"noopener noreferrer\">Ren\u00e9 Lepelley<\/a>\u00a0<span style=\"color: #000000;\">ont propos\u00e9 le nom de personne anglo-saxon\u00a0<i>*Culvert<\/i>, variante du scandinave\u00a0<i>Chilvert<\/i>, que l&rsquo;on retrouve dans les autres\u00a0<span class=\"page_h\">Cuverville<\/span>, tous situ\u00e9s en Normandie dans la zone de diffusion de la toponymie anglo-scandinave. Cette hypoth\u00e8se repose principalement sur les formes anciennes des diff\u00e9rents Cuverville\u00a0: Cuverville (Eure,\u00a0<i>Culvertivilla<\/i>\u00a01028 &#8211; 1033)\u00a0; Cuverville (Seine-maritime,<i>\u00a0Culvertvilla<\/i>\u00a0<abbr class=\"abbr\" title=\"12\u1d49 si\u00e8cle\"><span class=\"romain\">xii<\/span><sup>e<\/sup><\/abbr>\u00a0si\u00e8cle), Cuverville-sur-Y\u00e8res (Seine-Maritime,\u00a0<i>Culverti villam<\/i>\u00a01034), caract\u00e9ristique de la seule Normandie et sur les nombreux toponymes anglais contenant l&rsquo;\u00e9l\u00e9ment\u00a0<i>Culvert-<\/i>, comme Culverthorpe\u00a0; Kilwardby (<i>Culvertebi<\/i>\u00a0vers 1125)\u00a0; Culverton, etc.<\/span>\u00a0<a title=\"Ernest N\u00e8gre\" href=\"https:\/\/fr.wikipedia.org\/wiki\/Ernest_N%C3%A8gre\" target=\"_blank\" rel=\"noopener noreferrer\">Ernest N\u00e8gre<\/a>\u00a0f<span style=\"color: #000000;\">ait proc\u00e9der l&rsquo;\u00e9l\u00e9ment\u00a0<i>Cuver-<\/i>\u00a0directement du bas latin\u00a0<i>collibertus<\/i>\u00a0\u00ab\u00a0affranchi, serf\u00a0\u00bb dans sa rubrique\u00a0<i>Institution<\/i>, \u00e0 la suite d&rsquo;<\/span><a title=\"Albert Dauzat\" href=\"https:\/\/fr.wikipedia.org\/wiki\/Albert_Dauzat\" target=\"_blank\" rel=\"noopener noreferrer\">Albert Dauzat<\/a>\u00a0<span style=\"color: #000000;\">qui le fait venir de\u00a0<i>cuilvert<\/i>\u00a0\u00ab\u00a0serf, colon\u00a0\u00bb (variante de\u00a0<i>culvert<\/i>), lui-aussi issu de\u00a0<i>collibertus<\/i>. Ces deux explications appellent plusieurs remarques\u00a0: aucune mention ancienne ne latinise le toponyme en\u00a0<i>*Colliberti villa<\/i>, en outre, les toponymes ne sont pas attest\u00e9s ant\u00e9rieurement \u00e0 la fondation du<\/span>\u00a0<a title=\"Duch\u00e9 de Normandie\" href=\"https:\/\/fr.wikipedia.org\/wiki\/Duch%C3%A9_de_Normandie\" target=\"_blank\" rel=\"noopener noreferrer\">duch\u00e9 de Normandie<\/a>, <span style=\"color: #000000;\">ensuite le mot\u00a0<i>culvert\/cuilvert<\/i>\u00a0pose un certain nombre de probl\u00e8mes \u00e9tymologiques et s\u00e9mantiques.<\/span><\/p>\n<p><span style=\"color: #000000;\">D\u00e8s le d\u00e9but du<\/span>\u00a0<a title=\"XVIIIe si\u00e8cle\" href=\"https:\/\/fr.wikipedia.org\/wiki\/XVIIIe_si%C3%A8cle\" target=\"_blank\" rel=\"noopener noreferrer\"><abbr class=\"abbr\" title=\"18\u1d49 si\u00e8cle\"><sup>XVIIIe<\/sup><\/abbr>\u00a0si\u00e8cle<\/a>, <span style=\"color: #000000;\">les registres paroissiaux mentionnent Cuverville dite \u00ab\u00a0la Grosse Tour\u00a0\u00bb, peut-\u00eatre comme le dit<\/span>\u00a0<a title=\"Arcisse de Caumont\" href=\"https:\/\/fr.wikipedia.org\/wiki\/Arcisse_de_Caumont\" target=\"_blank\" rel=\"noopener noreferrer\">Arcisse de Caumont<\/a>,<span style=\"color: #000000;\"> \u00e0 cause de sa tour se terminant en plate-forme.<\/span><\/p>\n<p><span style=\"color: #000000;\">Le<\/span>\u00a0<a title=\"Gentil\u00e9\" href=\"https:\/\/fr.wikipedia.org\/wiki\/Gentil%C3%A9\" target=\"_blank\" rel=\"noopener noreferrer\">gentil\u00e9<\/a>\u00a0<span style=\"color: #000000;\">est\u00a0<i>Cuvervillais<\/i><\/span>.<\/p>\n            <\/div>        <\/div>    <\/div><\/section>\n<section class=\"av_toggle_section\"  itemscope=\"itemscope\" itemtype=\"https:\/\/schema.org\/CreativeWork\"  >    <div role=\"tablist\" class=\"single_toggle\" data-tags=\"{Tout} \"  >        <p data-fake-id=\"#toggle-id-2\" class=\"toggler \"  itemprop=\"headline\"    role=\"tab\" tabindex=\"0\" aria-controls=\"toggle-id-2\">HISTOIRE<span class=\"toggle_icon\" >        <span class=\"vert_icon\"><\/span><span class=\"hor_icon\"><\/span><\/span><\/p>        <div id=\"toggle-id-2\" class=\"toggle_wrap \"  >            <div class=\"toggle_content invers-color \"  itemprop=\"text\"   ><p><span style=\"color: #000000;\">L&rsquo;\u00e9glise du\u00a0<abbr class=\"abbr\" title=\"13\u1d49 si\u00e8cle\"><span class=\"romain\">XIII<\/span><sup>e<\/sup><\/abbr>\u00a0si\u00e8cle\u00a0est sous l&rsquo;invocation de Notre-Dame \u00ab<\/span>\u00a0<a title=\"Notre-Dame des Douleurs\" href=\"https:\/\/fr.wikipedia.org\/wiki\/Notre-Dame_des_Douleurs\" target=\"_blank\" rel=\"noopener noreferrer\">des Sept-Douleurs<\/a>\u00a0<span style=\"color: #000000;\">\u00bb.<\/span><\/p>\n<p><span style=\"color: #000000;\">La<\/span>\u00a0<a title=\"Seigneurie\" href=\"https:\/\/fr.wikipedia.org\/wiki\/Seigneurie\" target=\"_blank\" rel=\"noopener noreferrer\">seigneurie<\/a>\u00a0<span style=\"color: #000000;\">de Cuverville appartient successivement aux familles Descoville, Benoit, M\u00e9nard de la M\u00e9nardi\u00e8re, d&rsquo;Acher (1630).<\/span><\/p>\n            <\/div>        <\/div>    <\/div><\/section>\n<section class=\"av_toggle_section\"  itemscope=\"itemscope\" itemtype=\"https:\/\/schema.org\/CreativeWork\"  >    <div role=\"tablist\" class=\"single_toggle\" data-tags=\"{Tout} \"  >        <p data-fake-id=\"#toggle-id-3\" class=\"toggler \"  itemprop=\"headline\"    role=\"tab\" tabindex=\"0\" aria-controls=\"toggle-id-3\">H\u00c9RALDIQUE<span class=\"toggle_icon\" >        <span class=\"vert_icon\"><\/span><span class=\"hor_icon\"><\/span><\/span><\/p>        <div id=\"toggle-id-3\" class=\"toggle_wrap \"  >            <div class=\"toggle_content invers-color \"  itemprop=\"text\"   ><p><a class=\"image\" title=\"Armes de Cuverville\" href=\"https:\/\/commons.wikimedia.org\/wiki\/File:Blason_ville_fr_Cuverville_(Calvados).svg?uselang=fr\"><img loading=\"lazy\" decoding=\"async\" src=\"https:\/\/upload.wikimedia.org\/wikipedia\/commons\/thumb\/c\/c2\/Blason_ville_fr_Cuverville_%28Calvados%29.svg\/100px-Blason_ville_fr_Cuverville_%28Calvados%29.svg.png\" srcset=\"\/\/upload.wikimedia.org\/wikipedia\/commons\/thumb\/c\/c2\/Blason_ville_fr_Cuverville_%28Calvados%29.svg\/150px-Blason_ville_fr_Cuverville_%28Calvados%29.svg.png 1.5x, \/\/upload.wikimedia.org\/wikipedia\/commons\/thumb\/c\/c2\/Blason_ville_fr_Cuverville_%28Calvados%29.svg\/200px-Blason_ville_fr_Cuverville_%28Calvados%29.svg.png 2x\" alt=\"Armes de Cuverville\" width=\"100\" height=\"110\" data-file-height=\"660\" data-file-width=\"600\" \/><\/a><span style=\"color: #000000;\">\u00a0Les armes de la commune de Cuverville se<\/span>\u00a0<a title=\"Blasonnement\" href=\"https:\/\/fr.wikipedia.org\/wiki\/Blasonnement\" target=\"_blank\" rel=\"noopener noreferrer\">blasonnent<\/a>\u00a0<span style=\"color: #000000;\">ainsi\u00a0:<\/span><\/p>\n<p><span style=\"color: #000000;\"><i>Tierc\u00e9 en barre, les lignes de partition hauss\u00e9es \u00e0 dextre et abaiss\u00e9es \u00e0 senestre\u00a0: au premier de gueules \u00e0 l&rsquo;enclume d&rsquo;argent, au second d&rsquo;argent \u00e0 la partie sup\u00e9rieure de l&rsquo;\u00e9glise du lieu au trait, au troisi\u00e8me de sinople aux deux \u00e9pis feuill\u00e9s d&rsquo;or empoign\u00e9s pos\u00e9s en barre.<\/i><\/span><\/p>\n            <\/div>        <\/div>    <\/div><\/section>\n<\/div><\/div>\n<div class=\"flex_column av_one_half  av-animated-generic bottom-to-top  flex_column_div av-zero-column-padding first  avia-builder-el-6  el_after_av_one_full  el_before_av_one_half  column-top-margin\" style='border-radius:0px; '><p><div  style='padding-bottom:0px; ' class='av-special-heading av-special-heading-h2  blockquote modern-quote  avia-builder-el-7  el_before_av_hr  avia-builder-el-first  '><h2 class='av-special-heading-tag '  itemprop=\"headline\"  >EN SAVOIR PLUS<\/h2><div class='special-heading-border'><div class='special-heading-inner-border' ><\/div><\/div><\/div><br \/>\n<div  style=' margin-top:10px; margin-bottom:10px;'  class='hr hr-custom hr-left hr-icon-no   avia-builder-el-8  el_after_av_heading  avia-builder-el-last '><span class='hr-inner  inner-border-av-border-fat' style=' width:50px; border-color:#efbb20;' ><span class='hr-inner-style'><\/span><\/span><\/div><\/p><\/div>\n<div class=\"flex_column av_one_half  av-animated-generic bottom-to-top  flex_column_div av-zero-column-padding   avia-builder-el-9  el_after_av_one_half  avia-builder-el-last  column-top-margin\" style='border-radius:0px; '><div  class='avia-image-container  av-styling-no-styling    avia-builder-el-10  avia-builder-el-no-sibling  avia-align-center '  itemprop=\"image\" itemscope=\"itemscope\" itemtype=\"https:\/\/schema.org\/ImageObject\"  ><div class='avia-image-container-inner'><div class='avia-image-overlay-wrap'><img decoding=\"async\" class='wp-image-1189 avia-img-lazy-loading-not-1189 avia_image' src=\"https:\/\/www.cuverville.fr\/wp-content\/uploads\/Blason_ville_fr_Cuverville-1-273x300.png\" alt='' title='Blason_ville_fr_Cuverville' height=\"300\" width=\"273\"  itemprop=\"thumbnailUrl\" srcset=\"https:\/\/www.cuverville.fr\/wp-content\/uploads\/Blason_ville_fr_Cuverville-1-273x300.png 273w, https:\/\/www.cuverville.fr\/wp-content\/uploads\/Blason_ville_fr_Cuverville-1-768x845.png 768w, https:\/\/www.cuverville.fr\/wp-content\/uploads\/Blason_ville_fr_Cuverville-1-641x705.png 641w, https:\/\/www.cuverville.fr\/wp-content\/uploads\/Blason_ville_fr_Cuverville-1-450x495.png 450w, https:\/\/www.cuverville.fr\/wp-content\/uploads\/Blason_ville_fr_Cuverville-1.png 931w\" sizes=\"(max-width: 273px) 100vw, 273px\" \/><\/div><\/div><\/div><\/div>\n","protected":false},"excerpt":{"rendered":"","protected":false},"author":2,"featured_media":0,"parent":42,"menu_order":10,"comment_status":"closed","ping_status":"closed","template":"","meta":{"footnotes":""},"class_list":["post-45","page","type-page","status-publish","hentry"],"_links":{"self":[{"href":"https:\/\/www.cuverville.fr\/index.php\/wp-json\/wp\/v2\/pages\/45","targetHints":{"allow":["GET"]}}],"collection":[{"href":"https:\/\/www.cuverville.fr\/index.php\/wp-json\/wp\/v2\/pages"}],"about":[{"href":"https:\/\/www.cuverville.fr\/index.php\/wp-json\/wp\/v2\/types\/page"}],"author":[{"embeddable":true,"href":"https:\/\/www.cuverville.fr\/index.php\/wp-json\/wp\/v2\/users\/2"}],"replies":[{"embeddable":true,"href":"https:\/\/www.cuverville.fr\/index.php\/wp-json\/wp\/v2\/comments?post=45"}],"version-history":[{"count":9,"href":"https:\/\/www.cuverville.fr\/index.php\/wp-json\/wp\/v2\/pages\/45\/revisions"}],"predecessor-version":[{"id":8367,"href":"https:\/\/www.cuverville.fr\/index.php\/wp-json\/wp\/v2\/pages\/45\/revisions\/8367"}],"up":[{"embeddable":true,"href":"https:\/\/www.cuverville.fr\/index.php\/wp-json\/wp\/v2\/pages\/42"}],"wp:attachment":[{"href":"https:\/\/www.cuverville.fr\/index.php\/wp-json\/wp\/v2\/media?parent=45"}],"curies":[{"name":"wp","href":"https:\/\/api.w.org\/{rel}","templated":true}]}}